{"id":693,"date":"2021-05-20T08:05:22","date_gmt":"2021-05-20T08:05:22","guid":{"rendered":"https:\/\/andaluflor.es\/tienda\/?post_type=product&#038;p=693"},"modified":"2025-11-28T11:43:04","modified_gmt":"2025-11-28T11:43:04","slug":"ramo-lili","status":"publish","type":"product","link":"https:\/\/andaluflor.es\/tienda\/producto\/ramo-lili\/","title":{"rendered":"Ramo LILI"},"content":{"rendered":"<p>JARR\u00d3N NO INCLUIDO.<br \/>\nRamo arom\u00e1tico de lilium oriental y verde de temporada.<br \/>\nDisponible en blanco y rosa, seg\u00fan disponibilidad.<\/p>\n","protected":false},"excerpt":{"rendered":"<p>JARR\u00d3N NO INCLUIDO. Ramo arom\u00e1tico de lilium oriental y verde de temporada. Disponible en blanco y rosa, seg\u00fan disponibilidad.<\/p>\n","protected":false},"featured_media":694,"comment_status":"open","ping_status":"closed","template":"","meta":{"_kad_blocks_custom_css":"","_kad_blocks_head_custom_js":"","_kad_blocks_body_custom_js":"","_kad_blocks_footer_custom_js":"","_kadence_starter_templates_imported_post":false,"_kad_post_transparent":"default","_kad_post_title":"","_kad_post_layout":"default","_kad_post_sidebar_id":"","_kad_post_content_style":"default","_kad_post_vertical_padding":"default","_kad_post_feature":"","_kad_post_feature_position":"","_kad_post_header":false,"_kad_post_footer":false,"_kad_post_classname":""},"product_brand":[],"product_cat":[42],"product_tag":[],"class_list":{"0":"post-693","1":"product","2":"type-product","3":"status-publish","4":"has-post-thumbnail","6":"product_cat-ramos-de-flor","8":"first","9":"instock","10":"shipping-taxable","11":"purchasable","12":"product-type-simple","13":"entry","14":"content-bg","15":"loop-entry"},"aioseo_notices":[],"taxonomy_info":{"product_cat":[{"value":42,"label":"Ramos de flor"}]},"featured_image_src_large":["https:\/\/andaluflor.es\/tienda\/wp-content\/uploads\/2021\/05\/image045.jpg",922,615,false],"author_info":[],"comment_info":0,"_links":{"self":[{"href":"https:\/\/andaluflor.es\/tienda\/wp-json\/wp\/v2\/product\/693","targetHints":{"allow":["GET"]}}],"collection":[{"href":"https:\/\/andaluflor.es\/tienda\/wp-json\/wp\/v2\/product"}],"about":[{"href":"https:\/\/andaluflor.es\/tienda\/wp-json\/wp\/v2\/types\/product"}],"replies":[{"embeddable":true,"href":"https:\/\/andaluflor.es\/tienda\/wp-json\/wp\/v2\/comments?post=693"}],"wp:featuredmedia":[{"embeddable":true,"href":"https:\/\/andaluflor.es\/tienda\/wp-json\/wp\/v2\/media\/694"}],"wp:attachment":[{"href":"https:\/\/andaluflor.es\/tienda\/wp-json\/wp\/v2\/media?parent=693"}],"wp:term":[{"taxonomy":"product_brand","embeddable":true,"href":"https:\/\/andaluflor.es\/tienda\/wp-json\/wp\/v2\/product_brand?post=693"},{"taxonomy":"product_cat","embeddable":true,"href":"https:\/\/andaluflor.es\/tienda\/wp-json\/wp\/v2\/product_cat?post=693"},{"taxonomy":"product_tag","embeddable":true,"href":"https:\/\/andaluflor.es\/tienda\/wp-json\/wp\/v2\/product_tag?post=693"}],"curies":[{"name":"wp","href":"https:\/\/api.w.org\/{rel}","templated":true}]}}